{"id":467,"date":"2019-01-25T11:14:41","date_gmt":"2019-01-25T10:14:41","guid":{"rendered":"http:\/\/spart.pl\/?page_id=467"},"modified":"2020-12-21T12:50:51","modified_gmt":"2020-12-21T11:50:51","slug":"dofinansowania","status":"publish","type":"page","link":"https:\/\/spart.pl\/de\/dofinansowania\/","title":{"rendered":"<span>F\u00d6RDERUNGEN<\/span>"},"content":{"rendered":"<div style=\"text-align: justify;\">\n<p>STUDIO PROJEKTOWE SPART S.C. M.KONIECZNY, L.MARSZA\u0141EK realisierte ein aus europ\u00e4ischen Fonds kofinanziertes Projekt mit dem Titel &#8222;Beschaffung und Implementierung einer IT-Infrastruktur zur Entwicklung und Optimierung von Gesch\u00e4ftsprozessen im Unternehmen und zur Implementierung eines deutlich verbesserten Services.&#8220;<\/p>\n<p>Das Projekt umfasste die Optimierung von Gesch\u00e4ftsprozessen mit Hilfe von Informations- und Kommunikationstools im Bereich B2B, B2E und in begrenztem Umfang im B2C-Bereich. Als Ergebnis seiner Implementierung hat das Unternehmen einen verbesserten umfassenden Projekt-Service auf den Markt gebracht. Der sachliche Umfang des Projekts umfasste den Kauf von 21 Sachanlagen (immaterielle Verm\u00f6genswerte und IT-Ausr\u00fcstung) und deren Synchronisierung, um einen erheblich verbesserten Service zu implementieren. Dar\u00fcber hinaus sieht das Projekt weiche Ma\u00dfnahmen vor (im Bereich Schulung und Beratung). Der verbesserte Service bezieht sich direkt auf technologische (Produkt- und Prozess-) und organisatorische (nichttechnologische) Innovationen. Ein zus\u00e4tzlicher direkter Effekt der Projektumsetzung war auch die Schaffung eines neuen Arbeitsplatzes (Assistent des Planers &#8211; 1 Vollzeitbesch\u00e4ftigung).<\/p>\n<\/div>\n<p><strong>Projektwert: 342 136,80 z\u0142<\/strong><\/p>\n<p><strong>EU-Subvention f\u00fcr das Projekt: 125 567,00 z\u0142<\/strong><\/p>\n<h3 style=\"text-align: center; color: #727272; margin-bottom: 50px;\">INFORMATIONEN \u00dcBER DAS ERGEBNIS DES VERFAHRENS<\/h3>\n<h4>TECHNISCHE BERATUNG<\/h4>\n<style type=\"text\/css\">\r\n\t#foogallery-gallery-603 .fg-image {\r\n        width: 150px;\r\n    }\r\n<\/style>\r\n\t\t\t\t<div class=\"foogallery foogallery-container foogallery-default foogallery-lightbox-none fg-gutter-10 fg-center fg-default fg-light fg-border-thin fg-shadow-outline fg-loading-default fg-loaded-fade-in fg-caption-hover fg-hover-fade fg-hover-zoom fg-ready\" id=\"foogallery-gallery-603\" data-foogallery=\"{&quot;item&quot;:{&quot;showCaptionTitle&quot;:true,&quot;showCaptionDescription&quot;:true},&quot;lazy&quot;:true}\" >\r\n\t<div class=\"fg-item fg-type-image fg-idle\"><figure class=\"fg-item-inner\"><a href=\"https:\/\/spart.pl\/wp-content\/uploads\/2019\/01\/DORACTWO-TECHNICZNE-5.jpg\" target=\"foobox\" data-attachment-id=\"545\" class=\"fg-thumb\"><span class=\"fg-image-wrap\"><img width=\"150\" height=\"150\" class=\"skip-lazy fg-image\" data-src-fg=\"https:\/\/spart.pl\/wp-content\/uploads\/cache\/2019\/01\/DORACTWO-TECHNICZNE-5\/4261636333.jpg\" src=\"data:image\/svg+xml,%3Csvg%20xmlns%3D%22http%3A%2F%2Fwww.w3.org%2F2000%2Fsvg%22%20width%3D%22150%22%20height%3D%22150%22%20viewBox%3D%220%200%20150%20150%22%3E%3C%2Fsvg%3E\" loading=\"eager\"><\/span><span class=\"fg-image-overlay\"><\/span><\/a><figcaption class=\"fg-caption\"><div class=\"fg-caption-inner\"><\/div><\/figcaption><\/figure><div class=\"fg-loader\"><\/div><\/div><\/div>\r\n\n<h4>SOFTWARE ZUM BAUMODELLIEREN IN DER BIM-TECHNOLOGIE<\/h4>\n<style type=\"text\/css\">\r\n\t#foogallery-gallery-604 .fg-image {\r\n        width: 150px;\r\n    }\r\n<\/style>\r\n\t\t\t\t<div class=\"foogallery foogallery-container foogallery-default foogallery-lightbox-none fg-gutter-10 fg-center fg-default fg-light fg-border-thin fg-shadow-outline fg-loading-default fg-loaded-fade-in fg-caption-hover fg-hover-fade fg-hover-zoom fg-ready\" id=\"foogallery-gallery-604\" data-foogallery=\"{&quot;item&quot;:{&quot;showCaptionTitle&quot;:true,&quot;showCaptionDescription&quot;:true},&quot;lazy&quot;:true}\" >\r\n\t<div class=\"fg-item fg-type-image fg-idle\"><figure class=\"fg-item-inner\"><a href=\"https:\/\/spart.pl\/wp-content\/uploads\/2019\/01\/OPROGR.-DO-MODELOWANIA-KONSTR.-W-TECH.-BIM-5.jpg\" target=\"foobox\" data-attachment-id=\"554\" class=\"fg-thumb\"><span class=\"fg-image-wrap\"><img width=\"150\" height=\"150\" class=\"skip-lazy fg-image\" data-src-fg=\"https:\/\/spart.pl\/wp-content\/uploads\/cache\/2019\/01\/OPROGR_-DO-MODELOWANIA-KONSTR_-W-TECH_-BIM-5\/652338839.jpg\" src=\"data:image\/svg+xml,%3Csvg%20xmlns%3D%22http%3A%2F%2Fwww.w3.org%2F2000%2Fsvg%22%20width%3D%22150%22%20height%3D%22150%22%20viewBox%3D%220%200%20150%20150%22%3E%3C%2Fsvg%3E\" loading=\"eager\"><\/span><span class=\"fg-image-overlay\"><\/span><\/a><figcaption class=\"fg-caption\"><div class=\"fg-caption-inner\"><\/div><\/figcaption><\/figure><div class=\"fg-loader\"><\/div><\/div><\/div>\r\n\n<h4>SOFTWARE ZUM BERECHNEN VON BAUELEMENTEN<\/h4>\n<style type=\"text\/css\">\r\n\t#foogallery-gallery-605 .fg-image {\r\n        width: 150px;\r\n    }\r\n<\/style>\r\n\t\t\t\t<div class=\"foogallery foogallery-container foogallery-default foogallery-lightbox-none fg-gutter-10 fg-center fg-default fg-light fg-border-thin fg-shadow-outline fg-loading-default fg-loaded-fade-in fg-caption-hover fg-hover-fade fg-hover-zoom fg-ready\" id=\"foogallery-gallery-605\" data-foogallery=\"{&quot;item&quot;:{&quot;showCaptionTitle&quot;:true,&quot;showCaptionDescription&quot;:true},&quot;lazy&quot;:true}\" >\r\n\t<div class=\"fg-item fg-type-image fg-idle\"><figure class=\"fg-item-inner\"><a href=\"https:\/\/spart.pl\/wp-content\/uploads\/2019\/01\/OPROGR.-DO-OBLICZE\u00e2-ELEM.-KONSTRUKCYJNYCH-5.jpg\" target=\"foobox\" data-attachment-id=\"561\" class=\"fg-thumb\"><span class=\"fg-image-wrap\"><img width=\"150\" height=\"150\" class=\"skip-lazy fg-image\" data-src-fg=\"https:\/\/spart.pl\/wp-content\/uploads\/cache\/2019\/01\/OPROGR_-DO-OBLICZE\u00e2-ELEM_-KONSTRUKCYJNYCH-5\/3368265880.jpg\" src=\"data:image\/svg+xml,%3Csvg%20xmlns%3D%22http%3A%2F%2Fwww.w3.org%2F2000%2Fsvg%22%20width%3D%22150%22%20height%3D%22150%22%20viewBox%3D%220%200%20150%20150%22%3E%3C%2Fsvg%3E\" loading=\"eager\"><\/span><span class=\"fg-image-overlay\"><\/span><\/a><figcaption class=\"fg-caption\"><div class=\"fg-caption-inner\"><\/div><\/figcaption><\/figure><div class=\"fg-loader\"><\/div><\/div><\/div>\r\n\n<h4>SOFTWARE ZUM STATISTISCHEN BERECHNEN<\/h4>\n<style type=\"text\/css\">\r\n\t#foogallery-gallery-606 .fg-image {\r\n        width: 150px;\r\n    }\r\n<\/style>\r\n\t\t\t\t<div class=\"foogallery foogallery-container foogallery-default foogallery-lightbox-none fg-gutter-10 fg-center fg-default fg-light fg-border-thin fg-shadow-outline fg-loading-default fg-loaded-fade-in fg-caption-hover fg-hover-fade fg-hover-zoom fg-ready\" id=\"foogallery-gallery-606\" data-foogallery=\"{&quot;item&quot;:{&quot;showCaptionTitle&quot;:true,&quot;showCaptionDescription&quot;:true},&quot;lazy&quot;:true}\" >\r\n\t<div class=\"fg-item fg-type-image fg-idle\"><figure class=\"fg-item-inner\"><a href=\"https:\/\/spart.pl\/wp-content\/uploads\/2019\/01\/OPROGRAMOWANIE-DO-OBLICZE\u00e2-STATYST.-5.jpg\" target=\"foobox\" data-attachment-id=\"566\" class=\"fg-thumb\"><span class=\"fg-image-wrap\"><img width=\"150\" height=\"150\" class=\"skip-lazy fg-image\" data-src-fg=\"https:\/\/spart.pl\/wp-content\/uploads\/cache\/2019\/01\/OPROGRAMOWANIE-DO-OBLICZE\u00e2-STATYST_-5\/724450448.jpg\" src=\"data:image\/svg+xml,%3Csvg%20xmlns%3D%22http%3A%2F%2Fwww.w3.org%2F2000%2Fsvg%22%20width%3D%22150%22%20height%3D%22150%22%20viewBox%3D%220%200%20150%20150%22%3E%3C%2Fsvg%3E\" loading=\"eager\"><\/span><span class=\"fg-image-overlay\"><\/span><\/a><figcaption class=\"fg-caption\"><div class=\"fg-caption-inner\"><\/div><\/figcaption><\/figure><div class=\"fg-loader\"><\/div><\/div><\/div>\r\n\n<h4>SOFTWARE ZUR ERSTELLUNG VON 2D-ZEICHNUNGEN<\/h4>\n<style type=\"text\/css\">\r\n\t#foogallery-gallery-607 .fg-image {\r\n        width: 150px;\r\n    }\r\n<\/style>\r\n\t\t\t\t<div class=\"foogallery foogallery-container foogallery-default foogallery-lightbox-none fg-gutter-10 fg-center fg-default fg-light fg-border-thin fg-shadow-outline fg-loading-default fg-loaded-fade-in fg-caption-hover fg-hover-fade fg-hover-zoom fg-ready\" id=\"foogallery-gallery-607\" data-foogallery=\"{&quot;item&quot;:{&quot;showCaptionTitle&quot;:true,&quot;showCaptionDescription&quot;:true},&quot;lazy&quot;:true}\" >\r\n\t<div class=\"fg-item fg-type-image fg-idle\"><figure class=\"fg-item-inner\"><a href=\"https:\/\/spart.pl\/wp-content\/uploads\/2019\/01\/OPROGRAMOWANIE-DO-TWORZENIA-RYSUNK\u00f4W-2D-5.jpg\" target=\"foobox\" data-attachment-id=\"571\" class=\"fg-thumb\"><span class=\"fg-image-wrap\"><img width=\"150\" height=\"150\" class=\"skip-lazy fg-image\" data-src-fg=\"https:\/\/spart.pl\/wp-content\/uploads\/cache\/2019\/01\/OPROGRAMOWANIE-DO-TWORZENIA-RYSUNK\u00f4W-2D-5\/3145280520.jpg\" src=\"data:image\/svg+xml,%3Csvg%20xmlns%3D%22http%3A%2F%2Fwww.w3.org%2F2000%2Fsvg%22%20width%3D%22150%22%20height%3D%22150%22%20viewBox%3D%220%200%20150%20150%22%3E%3C%2Fsvg%3E\" loading=\"eager\"><\/span><span class=\"fg-image-overlay\"><\/span><\/a><figcaption class=\"fg-caption\"><div class=\"fg-caption-inner\"><\/div><\/figcaption><\/figure><div class=\"fg-loader\"><\/div><\/div><\/div>\r\n\n<h4>PLOTTER<\/h4>\n<style type=\"text\/css\">\r\n\t#foogallery-gallery-608 .fg-image {\r\n        width: 150px;\r\n    }\r\n<\/style>\r\n\t\t\t\t<div class=\"foogallery foogallery-container foogallery-default foogallery-lightbox-none fg-gutter-10 fg-center fg-default fg-light fg-border-thin fg-shadow-outline fg-loading-default fg-loaded-fade-in fg-caption-hover fg-hover-fade fg-hover-zoom fg-ready\" id=\"foogallery-gallery-608\" data-foogallery=\"{&quot;item&quot;:{&quot;showCaptionTitle&quot;:true,&quot;showCaptionDescription&quot;:true},&quot;lazy&quot;:true}\" >\r\n\t<div class=\"fg-item fg-type-image fg-idle\"><figure class=\"fg-item-inner\"><a href=\"https:\/\/spart.pl\/wp-content\/uploads\/2019\/01\/PLOTER-5.jpg\" target=\"foobox\" data-attachment-id=\"576\" class=\"fg-thumb\"><span class=\"fg-image-wrap\"><img width=\"150\" height=\"150\" class=\"skip-lazy fg-image\" data-src-fg=\"https:\/\/spart.pl\/wp-content\/uploads\/cache\/2019\/01\/PLOTER-5\/321114051.jpg\" src=\"data:image\/svg+xml,%3Csvg%20xmlns%3D%22http%3A%2F%2Fwww.w3.org%2F2000%2Fsvg%22%20width%3D%22150%22%20height%3D%22150%22%20viewBox%3D%220%200%20150%20150%22%3E%3C%2Fsvg%3E\" loading=\"eager\"><\/span><span class=\"fg-image-overlay\"><\/span><\/a><figcaption class=\"fg-caption\"><div class=\"fg-caption-inner\"><\/div><\/figcaption><\/figure><div class=\"fg-loader\"><\/div><\/div><\/div>\r\n\n<h4>SERVER<\/h4>\n<style type=\"text\/css\">\r\n\t#foogallery-gallery-609 .fg-image {\r\n        width: 150px;\r\n    }\r\n<\/style>\r\n\t\t\t\t<div class=\"foogallery foogallery-container foogallery-default foogallery-lightbox-none fg-gutter-10 fg-center fg-default fg-light fg-border-thin fg-shadow-outline fg-loading-default fg-loaded-fade-in fg-caption-hover fg-hover-fade fg-hover-zoom fg-ready\" id=\"foogallery-gallery-609\" data-foogallery=\"{&quot;item&quot;:{&quot;showCaptionTitle&quot;:true,&quot;showCaptionDescription&quot;:true},&quot;lazy&quot;:true}\" >\r\n\t<div class=\"fg-item fg-type-image fg-idle\"><figure class=\"fg-item-inner\"><a href=\"https:\/\/spart.pl\/wp-content\/uploads\/2019\/01\/SERWER-5.jpg\" target=\"foobox\" data-attachment-id=\"581\" class=\"fg-thumb\"><span class=\"fg-image-wrap\"><img width=\"150\" height=\"150\" class=\"skip-lazy fg-image\" data-src-fg=\"https:\/\/spart.pl\/wp-content\/uploads\/cache\/2019\/01\/SERWER-5\/2712127077.jpg\" src=\"data:image\/svg+xml,%3Csvg%20xmlns%3D%22http%3A%2F%2Fwww.w3.org%2F2000%2Fsvg%22%20width%3D%22150%22%20height%3D%22150%22%20viewBox%3D%220%200%20150%20150%22%3E%3C%2Fsvg%3E\" loading=\"eager\"><\/span><span class=\"fg-image-overlay\"><\/span><\/a><figcaption class=\"fg-caption\"><div class=\"fg-caption-inner\"><\/div><\/figcaption><\/figure><div class=\"fg-loader\"><\/div><\/div><\/div>\r\n\n<h4>SOFTWARE-SCHULUNGEN<\/h4>\n<style type=\"text\/css\">\r\n\t#foogallery-gallery-610 .fg-image {\r\n        width: 150px;\r\n    }\r\n<\/style>\r\n\t\t\t\t<div class=\"foogallery foogallery-container foogallery-default foogallery-lightbox-none fg-gutter-10 fg-center fg-default fg-light fg-border-thin fg-shadow-outline fg-loading-default fg-loaded-fade-in fg-caption-hover fg-hover-fade fg-hover-zoom fg-ready\" id=\"foogallery-gallery-610\" data-foogallery=\"{&quot;item&quot;:{&quot;showCaptionTitle&quot;:true,&quot;showCaptionDescription&quot;:true},&quot;lazy&quot;:true}\" >\r\n\t<div class=\"fg-item fg-type-image fg-idle\"><figure class=\"fg-item-inner\"><a href=\"https:\/\/spart.pl\/wp-content\/uploads\/2019\/01\/SZKOLENIA-W-ZAKRESIE-OPRGRAMOWANIA-5.jpg\" target=\"foobox\" data-attachment-id=\"587\" class=\"fg-thumb\"><span class=\"fg-image-wrap\"><img width=\"150\" height=\"150\" class=\"skip-lazy fg-image\" data-src-fg=\"https:\/\/spart.pl\/wp-content\/uploads\/cache\/2019\/01\/SZKOLENIA-W-ZAKRESIE-OPRGRAMOWANIA-5\/3547560706.jpg\" src=\"data:image\/svg+xml,%3Csvg%20xmlns%3D%22http%3A%2F%2Fwww.w3.org%2F2000%2Fsvg%22%20width%3D%22150%22%20height%3D%22150%22%20viewBox%3D%220%200%20150%20150%22%3E%3C%2Fsvg%3E\" loading=\"eager\"><\/span><span class=\"fg-image-overlay\"><\/span><\/a><figcaption class=\"fg-caption\"><div class=\"fg-caption-inner\"><\/div><\/figcaption><\/figure><div class=\"fg-loader\"><\/div><\/div><\/div>\r\n\n<h4>COMPUTER-SETS<\/h4>\n<style type=\"text\/css\">\r\n\t#foogallery-gallery-611 .fg-image {\r\n        width: 150px;\r\n    }\r\n<\/style>\r\n\t\t\t\t<div class=\"foogallery foogallery-container foogallery-default foogallery-lightbox-none fg-gutter-10 fg-center fg-default fg-light fg-border-thin fg-shadow-outline fg-loading-default fg-loaded-fade-in fg-caption-hover fg-hover-fade fg-hover-zoom fg-ready\" id=\"foogallery-gallery-611\" data-foogallery=\"{&quot;item&quot;:{&quot;showCaptionTitle&quot;:true,&quot;showCaptionDescription&quot;:true},&quot;lazy&quot;:true}\" >\r\n\t<div class=\"fg-item fg-type-image fg-idle\"><figure class=\"fg-item-inner\"><a href=\"https:\/\/spart.pl\/wp-content\/uploads\/2019\/01\/ZESTAWY-KOMPUTEROWE-5.jpg\" target=\"foobox\" data-attachment-id=\"592\" class=\"fg-thumb\"><span class=\"fg-image-wrap\"><img width=\"150\" height=\"150\" class=\"skip-lazy fg-image\" data-src-fg=\"https:\/\/spart.pl\/wp-content\/uploads\/cache\/2019\/01\/ZESTAWY-KOMPUTEROWE-5\/3717449411.jpg\" src=\"data:image\/svg+xml,%3Csvg%20xmlns%3D%22http%3A%2F%2Fwww.w3.org%2F2000%2Fsvg%22%20width%3D%22150%22%20height%3D%22150%22%20viewBox%3D%220%200%20150%20150%22%3E%3C%2Fsvg%3E\" loading=\"eager\"><\/span><span class=\"fg-image-overlay\"><\/span><\/a><figcaption class=\"fg-caption\"><div class=\"fg-caption-inner\"><\/div><\/figcaption><\/figure><div class=\"fg-loader\"><\/div><\/div><\/div>\r\n\n<p style=\"margin-bottom: 50px;\">\n","protected":false},"excerpt":{"rendered":"<p>STUDIO PROJEKTOWE SPART S.C. M.KONIECZNY, L.MARSZA\u0141EK realisierte ein aus europ\u00e4ischen Fonds kofinanziertes Projekt mit dem Titel &#8222;Beschaffung und Implementierung einer [&hellip;]<\/p>\n","protected":false},"author":10,"featured_media":0,"parent":0,"menu_order":0,"comment_status":"closed","ping_status":"closed","template":"page-dofinansowanie.php","meta":[],"_links":{"self":[{"href":"https:\/\/spart.pl\/de\/wp-json\/wp\/v2\/pages\/467"}],"collection":[{"href":"https:\/\/spart.pl\/de\/wp-json\/wp\/v2\/pages"}],"about":[{"href":"https:\/\/spart.pl\/de\/wp-json\/wp\/v2\/types\/page"}],"author":[{"embeddable":true,"href":"https:\/\/spart.pl\/de\/wp-json\/wp\/v2\/users\/10"}],"replies":[{"embeddable":true,"href":"https:\/\/spart.pl\/de\/wp-json\/wp\/v2\/comments?post=467"}],"version-history":[{"count":50,"href":"https:\/\/spart.pl\/de\/wp-json\/wp\/v2\/pages\/467\/revisions"}],"predecessor-version":[{"id":3271,"href":"https:\/\/spart.pl\/de\/wp-json\/wp\/v2\/pages\/467\/revisions\/3271"}],"wp:attachment":[{"href":"https:\/\/spart.pl\/de\/wp-json\/wp\/v2\/media?parent=467"}],"curies":[{"name":"wp","href":"https:\/\/api.w.org\/{rel}","templated":true}]}}