{"id":5423,"date":"2024-03-26T14:00:43","date_gmt":"2024-03-26T13:00:43","guid":{"rendered":"http:\/\/spart.pl\/pl\/?page_id=5423"},"modified":"2024-03-26T14:25:01","modified_gmt":"2024-03-26T13:25:01","slug":"aktualnosci","status":"publish","type":"page","link":"https:\/\/spart.pl\/de\/aktualnosci\/","title":{"rendered":"Bekanntmachung"},"content":{"rendered":"\n<div class=\"wp-block-image\"><figure class=\"alignleft size-large is-resized\"><img loading=\"lazy\" src=\"http:\/\/spart.pl\/wp-content\/uploads\/2024\/03\/IMG_3346.jpg\" alt=\"\" class=\"wp-image-5431\" width=\"402\" height=\"492\" srcset=\"https:\/\/spart.pl\/wp-content\/uploads\/2024\/03\/IMG_3346.jpg 453w, https:\/\/spart.pl\/wp-content\/uploads\/2024\/03\/IMG_3346-245x300.jpg 245w\" sizes=\"(max-width: 402px) 100vw, 402px\" \/><\/figure><\/div>\n\n\n\n<div class=\"wp-block-group\"><div class=\"wp-block-group__inner-container\">\n<p class=\"has-text-align-right\">Z g\u0142\u0119bokim smutkiem dzielimy si\u0119 z Wami informacj\u0105 o odej\u015bciu Leszka Marsza\u0142ka.<\/p>\n\n\n\n<p class=\"has-text-align-right\">Dzi\u0119kujemy Ci za lata pracy, za Twoje wsparcie i za ka\u017cdy moment, kt\u00f3ry sp\u0119dzili\u015bmy razem, spe\u0142niaj\u0105c nasze marzenia. Pami\u0119\u0107 o Tobie pozostanie z nami na zawsze.<\/p>\n\n\n\n<p class=\"has-text-align-right\">W tych trudnych chwilach pragniemy wyrazi\u0107 nasz g\u0142\u0119boki \u017cal i wsp\u00f3\u0142czucie dla rodziny oraz bliskich Leszka.<\/p>\n\n\n\n<p class=\"has-text-align-right\">Leszek by\u0142 nie tylko doskona\u0142ym architektem, ale tak\u017ce wyj\u0105tkowym cz\u0142owiekiem i niezast\u0105pionym wsp\u00f3lnikiem. By\u0142 naszym szefem, ale r\u00f3wnie\u017c przyjacielem i inspiracj\u0105. Jego niezmierne zaanga\u017cowanie, wizja i profesjonalizm uczyni\u0142y Studio Projektowe Spart tym, czym jest dzisiaj. Jego wk\u0142ad w nasz\u0105 firm\u0119 i ca\u0142\u0105 bran\u017c\u0119 nie zostanie zapomniany.<\/p>\n\n\n\n<p class=\"has-text-align-right\">B\u0119dziemy kontynuowa\u0107 jego dzie\u0142o, spe\u0142niaj\u0105c jego marzenia i realizuj\u0105c nasz\u0105 wsp\u00f3ln\u0105 wizj\u0119.<\/p>\n\n\n\n<p class=\"has-text-align-right\">Informacja dla wszystkich chc\u0105cych osobi\u015bcie po\u017cegna\u0107 Leszka: Ceremonia odb\u0119dzie si\u0119 28 marca 2024 o godzinie 12.00 w kaplicy domu pogrzebowego przy ulicy Piekarskiej 99 w Bytomiu.<\/p>\n\n\n\n<hr class=\"wp-block-separator is-style-wide\"\/>\n\n\n\n<p> <\/p>\n\n\n\n<p class=\"has-text-align-right\">With deep sorrow, we regret to inform you of the passing of Leszek Marsza\u0142ek.<\/p>\n\n\n\n<p class=\"has-text-align-right\">Thank you for years of work, for your support and for every moment we spent together, fulfilling our dreams. The memory of you will be with us forever.<\/p>\n\n\n\n<p class=\"has-text-align-right\">In these difficult moments, we wish to express our deepest condolences to the family and loved ones of Leszek.<\/p>\n\n\n\n<p class=\"has-text-align-right\">He was not only an excellent architect, but also a unique man and an irreplaceable partner. He was our boss, but also a friend and an inspiration. His great commitment, vision and professionalism made Spart Architecture Design Office what it is today. What he gave to our company and the entire industry will not be forgotten.<\/p>\n\n\n\n<p class=\"has-text-align-right\">We will continue his work, making his dreams come true and realizing our common vision.<\/p>\n<\/div><\/div>\n","protected":false},"excerpt":{"rendered":"","protected":false},"author":10,"featured_media":0,"parent":0,"menu_order":0,"comment_status":"closed","ping_status":"closed","template":"","meta":[],"_links":{"self":[{"href":"https:\/\/spart.pl\/de\/wp-json\/wp\/v2\/pages\/5423"}],"collection":[{"href":"https:\/\/spart.pl\/de\/wp-json\/wp\/v2\/pages"}],"about":[{"href":"https:\/\/spart.pl\/de\/wp-json\/wp\/v2\/types\/page"}],"author":[{"embeddable":true,"href":"https:\/\/spart.pl\/de\/wp-json\/wp\/v2\/users\/10"}],"replies":[{"embeddable":true,"href":"https:\/\/spart.pl\/de\/wp-json\/wp\/v2\/comments?post=5423"}],"version-history":[{"count":30,"href":"https:\/\/spart.pl\/de\/wp-json\/wp\/v2\/pages\/5423\/revisions"}],"predecessor-version":[{"id":5456,"href":"https:\/\/spart.pl\/de\/wp-json\/wp\/v2\/pages\/5423\/revisions\/5456"}],"wp:attachment":[{"href":"https:\/\/spart.pl\/de\/wp-json\/wp\/v2\/media?parent=5423"}],"curies":[{"name":"wp","href":"https:\/\/api.w.org\/{rel}","templated":true}]}}