{"id":786,"date":"2019-04-16T14:20:11","date_gmt":"2019-04-16T12:20:11","guid":{"rendered":"http:\/\/spart.pl\/?page_id=786"},"modified":"2022-12-01T12:55:05","modified_gmt":"2022-12-01T11:55:05","slug":"rekrutacja","status":"publish","type":"page","link":"https:\/\/spart.pl\/de\/rekrutacja\/","title":{"rendered":"EINSTELLUNG"},"content":{"rendered":"<p><span style=\"color: #ffffff;\">.<\/span><\/p>\n<p><strong>Aufgrund der Unternehmensentwicklung sucht Studio Projektowe Spart Kandidaten f\u00fcr folgende Positionen:<\/strong><\/p>\n<p><span style=\"color: #ffffff;\">.<\/span><\/p>\n<p><strong>Konstruktor\/Projektant konstrukcji<\/strong><\/p>\n<p>Opis stanowiska:<br \/>\nrealizowanie projekt\u00f3w budowlanych i wykonawczych obiekt\u00f3w przemys\u0142owych, g\u0142\u00f3wnie hal produkcyjnych i magazynowych, wykonywanie oblicze\u0144 statycznych obiekt\u00f3w budowlanych oraz koordynowanie pracy zespo\u0142u projektant\u00f3w.<\/p>\n<p>Wymagania:<br \/>\n\u2013 znajomo\u015b\u0107 Eurokod\u00f3w oraz obowi\u0105zuj\u0105cych norm<br \/>\n\u2013 do\u015bwiadczenie przy sporz\u0105dzaniu projekt\u00f3w wykonawczych\/warsztatowych,<br \/>\n\u2013 uprawnienia budowlane do projektowania<br \/>\n\u2013 umiej\u0119tno\u015b\u0107 obs\u0142ugi program\u00f3w typu CAD,<br \/>\n\u2013 obs\u0142uga pakietu MS Office,<br \/>\n\u2013 wykszta\u0142cenie kierunkowe,<br \/>\n\u2013 umiej\u0119tno\u015b\u0107 pracy w zespole,<br \/>\n\u2013 terminowo\u015b\u0107,<br \/>\n\u2013 obs\u0142uga program\u00f3w obliczeniowych Robot\/Dlubal RFEM.<\/p>\n<p>Dodatkowymi atutami b\u0119d\u0105:<br \/>\n\u2013 dobra znajomo\u015b\u0107 j\u0119zyka angielskiego,<br \/>\n\u2013 obs\u0142uga program\u00f3w Tekla, Idea Statica<\/p>\n<p>Oferujemy:<br \/>\n\u2013 praca w pe\u0142nym wymiarze godzin,<br \/>\n\u2013 umowa o prac\u0119,<br \/>\n\u2013 praca przy du\u017cych, ciekawych projektach,<br \/>\n\u2013 praca w dynamicznie rozwijaj\u0105cym si\u0119 zespole.<\/p>\n<p>Zg\u0142oszenia prosimy przesy\u0142a\u0107 na adres <strong>dracka[at]spart.pl<\/strong><\/p>\n<p><span style=\"color: #ffffff;\">.<\/span><\/p>\n<p><strong>Assistent f\u00fcr Entwicklungsingenieur<\/strong><\/p>\n<p>Stellenbeschreibung:<br \/>\nUmsetzung von Bau- und Ausf\u00fchrungsprojekten von Industrieanlagen, haupts\u00e4chlich Produktions- und Lagerhallen.<\/p>\n<p>Anforderungen:<br \/>\n&#8211; Kenntnisse in AutoCAD,<br \/>\n&#8211; MS Office-Kenntnisse,<br \/>\n&#8211; Fachausbildung,<br \/>\n&#8211; F\u00e4higkeit zur Teamarbeit,<br \/>\n&#8211; P\u00fcnktlichkeit,<br \/>\n&#8211; Kenntnisse in Berechnungsprogrammen.<\/p>\n<p>Zus\u00e4tzliche Vorteile sind:<br \/>\n&#8211; Erfahrung in der Erstellung von Ausf\u00fchrungsprojekten,<br \/>\n&#8211; gute Englischkenntnisse,<br \/>\n&#8211; Kenntnisse in Programmen Robot, Konstruktor, Dlubal, Tekla,<\/p>\n<p>Wir bieten:<br \/>\n&#8211; Vollzeitstelle,<br \/>\n&#8211; Arbeitsvertrag,<br \/>\n&#8211; Arbeiten an gro\u00dfen, interessanten Projekten,<br \/>\n&#8211; Arbeit in einem jungen, dynamischen Team von Planern.<\/p>\n<p>Bewerbungen senden Sie an <strong>dracka[at]spart.pl<\/strong><\/p>\n<p><span style=\"color: #ffffff;\">.<\/span><\/p>\n<p><strong>Architekt \/ Assistent des Architekten<\/strong><\/p>\n<p>Stellenbeschreibung:<br \/>\nUmsetzung von Bau- und Ausf\u00fchrungsprojekten von Industrieanlagen, haupts\u00e4chlich Produktions- und Lagerhallen.<\/p>\n<p>Anforderungen:<br \/>\n\u2013 Kenntnisse in AutoCAD,<br \/>\n\u2013 MS Office-Kenntnisse,<br \/>\n\u2013 Fachausbildung,<br \/>\n\u2013 F\u00e4higkeit zur Teamarbeit,<br \/>\n\u2013 P\u00fcnktlichkeit.<\/p>\n<p>Zus\u00e4tzliche Vorteile sind:<br \/>\n\u2013 Erfahrung in der Erstellung von Ausf\u00fchrungsprojekten,<br \/>\n\u2013 gute Englischkenntnisse,<br \/>\n\u2013 Kenntnisse des Baurechts und der Verwaltungsverfahren beim Bau von Objekten,<br \/>\n\u2013 Kenntnisse in Revit Architecture \/ Structure,<br \/>\n\u2013 BIM-Kenntnisse,<br \/>\n\u2013 Erstellung von 3D-Visualisierungen.<\/p>\n<p>Wir bieten:<br \/>\n\u2013 Vollzeitstelle,<br \/>\n\u2013 Arbeitsvertrag,<br \/>\n\u2013 Arbeiten an gro\u00dfen, interessanten Projekten,<br \/>\n\u2013 Arbeit in einem jungen, dynamischen Team von Projektanten.<\/p>\n<p>Bewerbungen senden Sie an<strong>\u00a0ksitko[at]spart.pl<\/strong><\/p>\n<p><span style=\"color: #ffffff;\">.<\/span><\/p>\n<p><strong>Projektant lub asystent projektanta bran\u017cy elektrycznej<\/strong><\/p>\n<p style=\"margin: 0cm; margin-bottom: .0001pt;\">Wymagania:<\/p>\n<p style=\"margin: 0cm; margin-bottom: .0001pt;\">&#8211; wykszta\u0142cenie kierunkowe,<\/p>\n<p style=\"margin: 0cm; margin-bottom: .0001pt;\">&#8211; dobra znajomo\u015b\u0107 j\u0119zyka angielskiego,<\/p>\n<p style=\"margin: 0cm 0cm 12.0pt 0cm;\">&#8211; nastawienie na zdobywanie wiedzy praktycznej.<\/p>\n<p style=\"margin: 0cm; margin-bottom: .0001pt;\">Zakres obowi\u0105zk\u00f3w:<\/p>\n<p style=\"margin: 0cm 0cm 12.0pt 0cm;\">&#8211; projektowanie instalacji elektrycznych, w tym: tras i sieci kablowych, linii niskiego i \u015bredniego napi\u0119cia, rozdzia\u0142u energii, rozdzielnic g\u0142\u00f3wnych i lokalnych, instalacji o\u015bwietlenia podstawowego, awaryjnego i zewn\u0119trznego, instalacji si\u0142owych, zasilania urz\u0105dze\u0144 technologicznych i potrzeb og\u00f3lnych, instalacji wewn\u0119trznych, instalacji odgromowych, instalacji uziemienia i po\u0142\u0105cze\u0144 wyr\u00f3wnawczych, instalacji niskopr\u0105dowych.<\/p>\n<p style=\"margin: 0cm; margin-bottom: .0001pt;\">Oferujemy:<\/p>\n<p style=\"margin: 0cm 0cm 12.0pt 0cm;\">&#8211; sta\u0142a praca w odr\u0119bnym zespole bran\u017cy elektrycznej przy du\u017cej grupie architekt\u00f3w, w dynamicznie rozwijaj\u0105cej si\u0119 firmie,<br \/>\n&#8211; wynagrodzenie uzale\u017cnione od wynik\u00f3w,<br \/>\n&#8211; mo\u017cliwo\u015b\u0107 podj\u0119cia pracy od zaraz,<br \/>\n&#8211; umowa o prac\u0119 na pe\u0142en etat &#8211; od poniedzia\u0142ku do pi\u0105tku.<\/p>\n<p>Mile widziani tak\u017ce absolwenci. Osoby zainteresowane prosimy o przes\u0142anie CV na adres mailowy: <strong>gstachowski[at]spart.pl<\/strong>. W razie pyta\u0144 prosz\u0119 dzwoni\u0107 pod nr <strong>661-262-105<\/strong>.<\/p>\n<p><span style=\"color: #ffffff;\">.<\/span><\/p>\n<p><strong>Projektant lub asystent projektanta bran\u017cy sanitarnej i hvac<\/strong><\/p>\n<p>Wymagania:<br \/>\n&#8211; wykszta\u0142cenie kierunkowe,<br \/>\n&#8211; znajomo\u015b\u0107 AutoCAD,<br \/>\n&#8211; dobra znajomo\u015b\u0107 j\u0119zyka angielskiego,<br \/>\n&#8211; nastawienie na zdobywanie wiedzy praktycznej,<br \/>\n&#8211; dodatkowym atutem b\u0119dzie obs\u0142uga Revit.<\/p>\n<p>Zakres obowi\u0105zk\u00f3w<br \/>\nAsystent projektanta b\u0119dzie odpowiedzialny za:<br \/>\n&#8211; udzia\u0142 w opracowywaniu dokumentacji technicznej pod kierunkiem i nadzorem projektanta,<br \/>\n&#8211; wykonywanie rysunk\u00f3w,<br \/>\n&#8211; dokonywanie pomiar\u00f3w i wizji lokalnej w terenie,<br \/>\n&#8211; uzyskiwanie wymaganych zg\u00f3d i pozwole\u0144.<\/p>\n<p>Oferujemy:<br \/>\n&#8211; sta\u0142a praca w odr\u0119bnym zespole bran\u017cy sanitarnej przy du\u017cej grupie architekt\u00f3w, w dynamicznie rozwijaj\u0105cej si\u0119 firmie,<br \/>\n&#8211; wynagrodzenie uzale\u017cnione od wynik\u00f3w,<br \/>\n&#8211; mo\u017cliwo\u015b\u0107 podj\u0119cia pracy od zaraz,<br \/>\n&#8211; umowa o prac\u0119 na pe\u0142en etat \u2013 od poniedzia\u0142ku do pi\u0105tku,<br \/>\n&#8211; praca w Raciborzu.<\/p>\n<p>Mile widziani tak\u017ce absolwenci. Osoby zainteresowane prosimy o przes\u0142anie CV na adres mailowy: <strong>aguzda[at]spart.pl.<\/strong> W razie pyta\u0144 prosz\u0119 dzwoni\u0107 pod nr <strong>662-231-444<\/strong>.<\/p>\n","protected":false},"excerpt":{"rendered":"<p>. Aufgrund der Unternehmensentwicklung sucht Studio Projektowe Spart Kandidaten f\u00fcr folgende Positionen: . Konstruktor\/Projektant konstrukcji Opis stanowiska: realizowanie projekt\u00f3w budowlanych [&hellip;]<\/p>\n","protected":false},"author":10,"featured_media":0,"parent":0,"menu_order":0,"comment_status":"closed","ping_status":"closed","template":"page-dofinansowanie.php","meta":[],"_links":{"self":[{"href":"https:\/\/spart.pl\/de\/wp-json\/wp\/v2\/pages\/786"}],"collection":[{"href":"https:\/\/spart.pl\/de\/wp-json\/wp\/v2\/pages"}],"about":[{"href":"https:\/\/spart.pl\/de\/wp-json\/wp\/v2\/types\/page"}],"author":[{"embeddable":true,"href":"https:\/\/spart.pl\/de\/wp-json\/wp\/v2\/users\/10"}],"replies":[{"embeddable":true,"href":"https:\/\/spart.pl\/de\/wp-json\/wp\/v2\/comments?post=786"}],"version-history":[{"count":46,"href":"https:\/\/spart.pl\/de\/wp-json\/wp\/v2\/pages\/786\/revisions"}],"predecessor-version":[{"id":3966,"href":"https:\/\/spart.pl\/de\/wp-json\/wp\/v2\/pages\/786\/revisions\/3966"}],"wp:attachment":[{"href":"https:\/\/spart.pl\/de\/wp-json\/wp\/v2\/media?parent=786"}],"curies":[{"name":"wp","href":"https:\/\/api.w.org\/{rel}","templated":true}]}}