{"id":467,"date":"2019-01-25T11:14:41","date_gmt":"2019-01-25T10:14:41","guid":{"rendered":"http:\/\/spart.pl\/?page_id=467"},"modified":"2020-12-21T12:50:51","modified_gmt":"2020-12-21T11:50:51","slug":"dofinansowania","status":"publish","type":"page","link":"https:\/\/spart.pl\/fr\/dofinansowania\/","title":{"rendered":"<span>SUBVENTIONS<\/span>"},"content":{"rendered":"<div style=\"text-align: justify;\">\n<p>STUDIO PROJEKTOWE SPART S.C. M.KONIECZNY,L.MARSZA\u0141EK a r\u00e9alis\u00e9 un projet financ\u00e9 avec les Fonds Europ\u00e9ens intitul\u00e9 \u201eAchat et mise en \u0153uvre de l&rsquo;infrastructure informatique pour le d\u00e9veloppement et l&rsquo;optimisation des processus d&rsquo;affaires au sein d&rsquo;une soci\u00e9t\u00e9 et la mise en \u0153uvre d&rsquo;un meilleur service\u201d.<\/p>\n<p>Ce projet consistait \u00e0 optimiser les processus d&rsquo;affaires avec des outils d&rsquo;information et de communication au sein du p\u00e9rim\u00e8tre suivant : B2B, B2E et, sur un champ restreint, B2C. Il a permis \u00e0 notre client de mettre sur le march\u00e9 un service am\u00e9lior\u00e9 de conception compl\u00e8te. Le projet consistait avant tout \u00e0 acheter 21 composants de l&rsquo;actif immobilis\u00e9 (immobilisations incorporelles et \u00e9quipements IT) et \u00e0 les synchroniser afin de mettre un \u0153uvre un service d\u00e9cid\u00e9ment am\u00e9lior\u00e9. Par ailleurs, dans le cadre du projet, on a pr\u00e9vu des op\u00e9rations molles (formation et conseil). Un service am\u00e9lior\u00e9 fait r\u00e9f\u00e9rence directement aux innovations technologiques (produit et processus) et organisationnelles (non technologique). En plus, le projet a permis de cr\u00e9er un nouveau poste de travail (assistent du concepteur \u2013 \u00e0 plein temps).<\/p>\n<\/div>\n<p><strong>Montant du projet: 342 136,80 z\u0142<\/strong><\/p>\n<p><strong>Subvention de l&rsquo;UE: 125 567,00 z\u0142<\/strong><\/p>\n<h3 style=\"text-align: center; color: #727272; margin-bottom: 50px;\">INFORMATION \u00c0 PROPOS DU R\u00c9SULTAT DE LA PROC\u00c9DURE<\/h3>\n<h4>CONSEIL TECHNIQUE<\/h4>\n<style type=\"text\/css\">\r\n\t#foogallery-gallery-603 .fg-image {\r\n        width: 150px;\r\n    }\r\n<\/style>\r\n\t\t\t\t<div class=\"foogallery foogallery-container foogallery-default foogallery-lightbox-none fg-gutter-10 fg-center fg-default fg-light fg-border-thin fg-shadow-outline fg-loading-default fg-loaded-fade-in fg-caption-hover fg-hover-fade fg-hover-zoom fg-ready\" id=\"foogallery-gallery-603\" data-foogallery=\"{&quot;item&quot;:{&quot;showCaptionTitle&quot;:true,&quot;showCaptionDescription&quot;:true},&quot;lazy&quot;:true}\" >\r\n\t<div class=\"fg-item fg-type-image fg-idle\"><figure class=\"fg-item-inner\"><a href=\"https:\/\/spart.pl\/wp-content\/uploads\/2019\/01\/DORACTWO-TECHNICZNE-5.jpg\" target=\"foobox\" data-attachment-id=\"545\" class=\"fg-thumb\"><span class=\"fg-image-wrap\"><img width=\"150\" height=\"150\" class=\"skip-lazy fg-image\" data-src-fg=\"https:\/\/spart.pl\/wp-content\/uploads\/cache\/2019\/01\/DORACTWO-TECHNICZNE-5\/4261636333.jpg\" src=\"data:image\/svg+xml,%3Csvg%20xmlns%3D%22http%3A%2F%2Fwww.w3.org%2F2000%2Fsvg%22%20width%3D%22150%22%20height%3D%22150%22%20viewBox%3D%220%200%20150%20150%22%3E%3C%2Fsvg%3E\" loading=\"eager\"><\/span><span class=\"fg-image-overlay\"><\/span><\/a><figcaption class=\"fg-caption\"><div class=\"fg-caption-inner\"><\/div><\/figcaption><\/figure><div class=\"fg-loader\"><\/div><\/div><\/div>\r\n\n<h4>LOGICIEL DE MODELAGE DE CONSTR. UTILISANT TECH. BIM<\/h4>\n<style type=\"text\/css\">\r\n\t#foogallery-gallery-604 .fg-image {\r\n        width: 150px;\r\n    }\r\n<\/style>\r\n\t\t\t\t<div class=\"foogallery foogallery-container foogallery-default foogallery-lightbox-none fg-gutter-10 fg-center fg-default fg-light fg-border-thin fg-shadow-outline fg-loading-default fg-loaded-fade-in fg-caption-hover fg-hover-fade fg-hover-zoom fg-ready\" id=\"foogallery-gallery-604\" data-foogallery=\"{&quot;item&quot;:{&quot;showCaptionTitle&quot;:true,&quot;showCaptionDescription&quot;:true},&quot;lazy&quot;:true}\" >\r\n\t<div class=\"fg-item fg-type-image fg-idle\"><figure class=\"fg-item-inner\"><a href=\"https:\/\/spart.pl\/wp-content\/uploads\/2019\/01\/OPROGR.-DO-MODELOWANIA-KONSTR.-W-TECH.-BIM-5.jpg\" target=\"foobox\" data-attachment-id=\"554\" class=\"fg-thumb\"><span class=\"fg-image-wrap\"><img width=\"150\" height=\"150\" class=\"skip-lazy fg-image\" data-src-fg=\"https:\/\/spart.pl\/wp-content\/uploads\/cache\/2019\/01\/OPROGR_-DO-MODELOWANIA-KONSTR_-W-TECH_-BIM-5\/652338839.jpg\" src=\"data:image\/svg+xml,%3Csvg%20xmlns%3D%22http%3A%2F%2Fwww.w3.org%2F2000%2Fsvg%22%20width%3D%22150%22%20height%3D%22150%22%20viewBox%3D%220%200%20150%20150%22%3E%3C%2Fsvg%3E\" loading=\"eager\"><\/span><span class=\"fg-image-overlay\"><\/span><\/a><figcaption class=\"fg-caption\"><div class=\"fg-caption-inner\"><\/div><\/figcaption><\/figure><div class=\"fg-loader\"><\/div><\/div><\/div>\r\n\n<h4>LOGICIEL DE CALCUL DES \u00c9L\u00c9M. DE CONSTRUCTION<\/h4>\n<style type=\"text\/css\">\r\n\t#foogallery-gallery-605 .fg-image {\r\n        width: 150px;\r\n    }\r\n<\/style>\r\n\t\t\t\t<div class=\"foogallery foogallery-container foogallery-default foogallery-lightbox-none fg-gutter-10 fg-center fg-default fg-light fg-border-thin fg-shadow-outline fg-loading-default fg-loaded-fade-in fg-caption-hover fg-hover-fade fg-hover-zoom fg-ready\" id=\"foogallery-gallery-605\" data-foogallery=\"{&quot;item&quot;:{&quot;showCaptionTitle&quot;:true,&quot;showCaptionDescription&quot;:true},&quot;lazy&quot;:true}\" >\r\n\t<div class=\"fg-item fg-type-image fg-idle\"><figure class=\"fg-item-inner\"><a href=\"https:\/\/spart.pl\/wp-content\/uploads\/2019\/01\/OPROGR.-DO-OBLICZE\u00e2-ELEM.-KONSTRUKCYJNYCH-5.jpg\" target=\"foobox\" data-attachment-id=\"561\" class=\"fg-thumb\"><span class=\"fg-image-wrap\"><img width=\"150\" height=\"150\" class=\"skip-lazy fg-image\" data-src-fg=\"https:\/\/spart.pl\/wp-content\/uploads\/cache\/2019\/01\/OPROGR_-DO-OBLICZE\u00e2-ELEM_-KONSTRUKCYJNYCH-5\/3368265880.jpg\" src=\"data:image\/svg+xml,%3Csvg%20xmlns%3D%22http%3A%2F%2Fwww.w3.org%2F2000%2Fsvg%22%20width%3D%22150%22%20height%3D%22150%22%20viewBox%3D%220%200%20150%20150%22%3E%3C%2Fsvg%3E\" loading=\"eager\"><\/span><span class=\"fg-image-overlay\"><\/span><\/a><figcaption class=\"fg-caption\"><div class=\"fg-caption-inner\"><\/div><\/figcaption><\/figure><div class=\"fg-loader\"><\/div><\/div><\/div>\r\n\n<h4>LOGICIEL DE CALCUL STATIST<\/h4>\n<style type=\"text\/css\">\r\n\t#foogallery-gallery-606 .fg-image {\r\n        width: 150px;\r\n    }\r\n<\/style>\r\n\t\t\t\t<div class=\"foogallery foogallery-container foogallery-default foogallery-lightbox-none fg-gutter-10 fg-center fg-default fg-light fg-border-thin fg-shadow-outline fg-loading-default fg-loaded-fade-in fg-caption-hover fg-hover-fade fg-hover-zoom fg-ready\" id=\"foogallery-gallery-606\" data-foogallery=\"{&quot;item&quot;:{&quot;showCaptionTitle&quot;:true,&quot;showCaptionDescription&quot;:true},&quot;lazy&quot;:true}\" >\r\n\t<div class=\"fg-item fg-type-image fg-idle\"><figure class=\"fg-item-inner\"><a href=\"https:\/\/spart.pl\/wp-content\/uploads\/2019\/01\/OPROGRAMOWANIE-DO-OBLICZE\u00e2-STATYST.-5.jpg\" target=\"foobox\" data-attachment-id=\"566\" class=\"fg-thumb\"><span class=\"fg-image-wrap\"><img width=\"150\" height=\"150\" class=\"skip-lazy fg-image\" data-src-fg=\"https:\/\/spart.pl\/wp-content\/uploads\/cache\/2019\/01\/OPROGRAMOWANIE-DO-OBLICZE\u00e2-STATYST_-5\/724450448.jpg\" src=\"data:image\/svg+xml,%3Csvg%20xmlns%3D%22http%3A%2F%2Fwww.w3.org%2F2000%2Fsvg%22%20width%3D%22150%22%20height%3D%22150%22%20viewBox%3D%220%200%20150%20150%22%3E%3C%2Fsvg%3E\" loading=\"eager\"><\/span><span class=\"fg-image-overlay\"><\/span><\/a><figcaption class=\"fg-caption\"><div class=\"fg-caption-inner\"><\/div><\/figcaption><\/figure><div class=\"fg-loader\"><\/div><\/div><\/div>\r\n\n<h4>LOGICIEL DE CR\u00c9ATION DES DESSINS 2D<\/h4>\n<style type=\"text\/css\">\r\n\t#foogallery-gallery-607 .fg-image {\r\n        width: 150px;\r\n    }\r\n<\/style>\r\n\t\t\t\t<div class=\"foogallery foogallery-container foogallery-default foogallery-lightbox-none fg-gutter-10 fg-center fg-default fg-light fg-border-thin fg-shadow-outline fg-loading-default fg-loaded-fade-in fg-caption-hover fg-hover-fade fg-hover-zoom fg-ready\" id=\"foogallery-gallery-607\" data-foogallery=\"{&quot;item&quot;:{&quot;showCaptionTitle&quot;:true,&quot;showCaptionDescription&quot;:true},&quot;lazy&quot;:true}\" >\r\n\t<div class=\"fg-item fg-type-image fg-idle\"><figure class=\"fg-item-inner\"><a href=\"https:\/\/spart.pl\/wp-content\/uploads\/2019\/01\/OPROGRAMOWANIE-DO-TWORZENIA-RYSUNK\u00f4W-2D-5.jpg\" target=\"foobox\" data-attachment-id=\"571\" class=\"fg-thumb\"><span class=\"fg-image-wrap\"><img width=\"150\" height=\"150\" class=\"skip-lazy fg-image\" data-src-fg=\"https:\/\/spart.pl\/wp-content\/uploads\/cache\/2019\/01\/OPROGRAMOWANIE-DO-TWORZENIA-RYSUNK\u00f4W-2D-5\/3145280520.jpg\" src=\"data:image\/svg+xml,%3Csvg%20xmlns%3D%22http%3A%2F%2Fwww.w3.org%2F2000%2Fsvg%22%20width%3D%22150%22%20height%3D%22150%22%20viewBox%3D%220%200%20150%20150%22%3E%3C%2Fsvg%3E\" loading=\"eager\"><\/span><span class=\"fg-image-overlay\"><\/span><\/a><figcaption class=\"fg-caption\"><div class=\"fg-caption-inner\"><\/div><\/figcaption><\/figure><div class=\"fg-loader\"><\/div><\/div><\/div>\r\n\n<h4>TRACEUR<\/h4>\n<style type=\"text\/css\">\r\n\t#foogallery-gallery-608 .fg-image {\r\n        width: 150px;\r\n    }\r\n<\/style>\r\n\t\t\t\t<div class=\"foogallery foogallery-container foogallery-default foogallery-lightbox-none fg-gutter-10 fg-center fg-default fg-light fg-border-thin fg-shadow-outline fg-loading-default fg-loaded-fade-in fg-caption-hover fg-hover-fade fg-hover-zoom fg-ready\" id=\"foogallery-gallery-608\" data-foogallery=\"{&quot;item&quot;:{&quot;showCaptionTitle&quot;:true,&quot;showCaptionDescription&quot;:true},&quot;lazy&quot;:true}\" >\r\n\t<div class=\"fg-item fg-type-image fg-idle\"><figure class=\"fg-item-inner\"><a href=\"https:\/\/spart.pl\/wp-content\/uploads\/2019\/01\/PLOTER-5.jpg\" target=\"foobox\" data-attachment-id=\"576\" class=\"fg-thumb\"><span class=\"fg-image-wrap\"><img width=\"150\" height=\"150\" class=\"skip-lazy fg-image\" data-src-fg=\"https:\/\/spart.pl\/wp-content\/uploads\/cache\/2019\/01\/PLOTER-5\/321114051.jpg\" src=\"data:image\/svg+xml,%3Csvg%20xmlns%3D%22http%3A%2F%2Fwww.w3.org%2F2000%2Fsvg%22%20width%3D%22150%22%20height%3D%22150%22%20viewBox%3D%220%200%20150%20150%22%3E%3C%2Fsvg%3E\" loading=\"eager\"><\/span><span class=\"fg-image-overlay\"><\/span><\/a><figcaption class=\"fg-caption\"><div class=\"fg-caption-inner\"><\/div><\/figcaption><\/figure><div class=\"fg-loader\"><\/div><\/div><\/div>\r\n\n<h4>SERVEUR<\/h4>\n<style type=\"text\/css\">\r\n\t#foogallery-gallery-609 .fg-image {\r\n        width: 150px;\r\n    }\r\n<\/style>\r\n\t\t\t\t<div class=\"foogallery foogallery-container foogallery-default foogallery-lightbox-none fg-gutter-10 fg-center fg-default fg-light fg-border-thin fg-shadow-outline fg-loading-default fg-loaded-fade-in fg-caption-hover fg-hover-fade fg-hover-zoom fg-ready\" id=\"foogallery-gallery-609\" data-foogallery=\"{&quot;item&quot;:{&quot;showCaptionTitle&quot;:true,&quot;showCaptionDescription&quot;:true},&quot;lazy&quot;:true}\" >\r\n\t<div class=\"fg-item fg-type-image fg-idle\"><figure class=\"fg-item-inner\"><a href=\"https:\/\/spart.pl\/wp-content\/uploads\/2019\/01\/SERWER-5.jpg\" target=\"foobox\" data-attachment-id=\"581\" class=\"fg-thumb\"><span class=\"fg-image-wrap\"><img width=\"150\" height=\"150\" class=\"skip-lazy fg-image\" data-src-fg=\"https:\/\/spart.pl\/wp-content\/uploads\/cache\/2019\/01\/SERWER-5\/2712127077.jpg\" src=\"data:image\/svg+xml,%3Csvg%20xmlns%3D%22http%3A%2F%2Fwww.w3.org%2F2000%2Fsvg%22%20width%3D%22150%22%20height%3D%22150%22%20viewBox%3D%220%200%20150%20150%22%3E%3C%2Fsvg%3E\" loading=\"eager\"><\/span><span class=\"fg-image-overlay\"><\/span><\/a><figcaption class=\"fg-caption\"><div class=\"fg-caption-inner\"><\/div><\/figcaption><\/figure><div class=\"fg-loader\"><\/div><\/div><\/div>\r\n\n<h4>FORMATION SUR LES LOGICIELS<\/h4>\n<style type=\"text\/css\">\r\n\t#foogallery-gallery-610 .fg-image {\r\n        width: 150px;\r\n    }\r\n<\/style>\r\n\t\t\t\t<div class=\"foogallery foogallery-container foogallery-default foogallery-lightbox-none fg-gutter-10 fg-center fg-default fg-light fg-border-thin fg-shadow-outline fg-loading-default fg-loaded-fade-in fg-caption-hover fg-hover-fade fg-hover-zoom fg-ready\" id=\"foogallery-gallery-610\" data-foogallery=\"{&quot;item&quot;:{&quot;showCaptionTitle&quot;:true,&quot;showCaptionDescription&quot;:true},&quot;lazy&quot;:true}\" >\r\n\t<div class=\"fg-item fg-type-image fg-idle\"><figure class=\"fg-item-inner\"><a href=\"https:\/\/spart.pl\/wp-content\/uploads\/2019\/01\/SZKOLENIA-W-ZAKRESIE-OPRGRAMOWANIA-5.jpg\" target=\"foobox\" data-attachment-id=\"587\" class=\"fg-thumb\"><span class=\"fg-image-wrap\"><img width=\"150\" height=\"150\" class=\"skip-lazy fg-image\" data-src-fg=\"https:\/\/spart.pl\/wp-content\/uploads\/cache\/2019\/01\/SZKOLENIA-W-ZAKRESIE-OPRGRAMOWANIA-5\/3547560706.jpg\" src=\"data:image\/svg+xml,%3Csvg%20xmlns%3D%22http%3A%2F%2Fwww.w3.org%2F2000%2Fsvg%22%20width%3D%22150%22%20height%3D%22150%22%20viewBox%3D%220%200%20150%20150%22%3E%3C%2Fsvg%3E\" loading=\"eager\"><\/span><span class=\"fg-image-overlay\"><\/span><\/a><figcaption class=\"fg-caption\"><div class=\"fg-caption-inner\"><\/div><\/figcaption><\/figure><div class=\"fg-loader\"><\/div><\/div><\/div>\r\n\n<h4>KITS INFORMATIQUES<\/h4>\n<style type=\"text\/css\">\r\n\t#foogallery-gallery-611 .fg-image {\r\n        width: 150px;\r\n    }\r\n<\/style>\r\n\t\t\t\t<div class=\"foogallery foogallery-container foogallery-default foogallery-lightbox-none fg-gutter-10 fg-center fg-default fg-light fg-border-thin fg-shadow-outline fg-loading-default fg-loaded-fade-in fg-caption-hover fg-hover-fade fg-hover-zoom fg-ready\" id=\"foogallery-gallery-611\" data-foogallery=\"{&quot;item&quot;:{&quot;showCaptionTitle&quot;:true,&quot;showCaptionDescription&quot;:true},&quot;lazy&quot;:true}\" >\r\n\t<div class=\"fg-item fg-type-image fg-idle\"><figure class=\"fg-item-inner\"><a href=\"https:\/\/spart.pl\/wp-content\/uploads\/2019\/01\/ZESTAWY-KOMPUTEROWE-5.jpg\" target=\"foobox\" data-attachment-id=\"592\" class=\"fg-thumb\"><span class=\"fg-image-wrap\"><img width=\"150\" height=\"150\" class=\"skip-lazy fg-image\" data-src-fg=\"https:\/\/spart.pl\/wp-content\/uploads\/cache\/2019\/01\/ZESTAWY-KOMPUTEROWE-5\/3717449411.jpg\" src=\"data:image\/svg+xml,%3Csvg%20xmlns%3D%22http%3A%2F%2Fwww.w3.org%2F2000%2Fsvg%22%20width%3D%22150%22%20height%3D%22150%22%20viewBox%3D%220%200%20150%20150%22%3E%3C%2Fsvg%3E\" loading=\"eager\"><\/span><span class=\"fg-image-overlay\"><\/span><\/a><figcaption class=\"fg-caption\"><div class=\"fg-caption-inner\"><\/div><\/figcaption><\/figure><div class=\"fg-loader\"><\/div><\/div><\/div>\r\n\n<p style=\"margin-bottom: 50px;\">\n","protected":false},"excerpt":{"rendered":"<p>STUDIO PROJEKTOWE SPART S.C. M.KONIECZNY,L.MARSZA\u0141EK a r\u00e9alis\u00e9 un projet financ\u00e9 avec les Fonds Europ\u00e9ens intitul\u00e9 \u201eAchat et mise en \u0153uvre [&hellip;]<\/p>\n","protected":false},"author":10,"featured_media":0,"parent":0,"menu_order":0,"comment_status":"closed","ping_status":"closed","template":"page-dofinansowanie.php","meta":[],"_links":{"self":[{"href":"https:\/\/spart.pl\/fr\/wp-json\/wp\/v2\/pages\/467"}],"collection":[{"href":"https:\/\/spart.pl\/fr\/wp-json\/wp\/v2\/pages"}],"about":[{"href":"https:\/\/spart.pl\/fr\/wp-json\/wp\/v2\/types\/page"}],"author":[{"embeddable":true,"href":"https:\/\/spart.pl\/fr\/wp-json\/wp\/v2\/users\/10"}],"replies":[{"embeddable":true,"href":"https:\/\/spart.pl\/fr\/wp-json\/wp\/v2\/comments?post=467"}],"version-history":[{"count":50,"href":"https:\/\/spart.pl\/fr\/wp-json\/wp\/v2\/pages\/467\/revisions"}],"predecessor-version":[{"id":3271,"href":"https:\/\/spart.pl\/fr\/wp-json\/wp\/v2\/pages\/467\/revisions\/3271"}],"wp:attachment":[{"href":"https:\/\/spart.pl\/fr\/wp-json\/wp\/v2\/media?parent=467"}],"curies":[{"name":"wp","href":"https:\/\/api.w.org\/{rel}","templated":true}]}}