{"id":467,"date":"2019-01-25T11:14:41","date_gmt":"2019-01-25T10:14:41","guid":{"rendered":"http:\/\/spart.pl\/?page_id=467"},"modified":"2020-12-21T12:50:51","modified_gmt":"2020-12-21T11:50:51","slug":"dofinansowania","status":"publish","type":"page","link":"https:\/\/spart.pl\/pl\/dofinansowania\/","title":{"rendered":"<span>Dofinansowania<\/span>"},"content":{"rendered":"<div style=\"text-align:justify;\">\n<p>STUDIO PROJEKTOWE SPART S.C. M.KONIECZNY,L.MARSZA\u0141EK zrealizowa\u0142o projekt dofinansowany z Funduszy Europejskich pt. \u201eZakup i wdro\u017cenie infrastruktury informatycznej dla rozwoju i optymalizacji proces\u00f3w biznesowych w sp\u00f3\u0142ce oraz wdro\u017cenia znacz\u0105co ulepszonej us\u0142ugi.\u201d.<\/p>\n<p>Projekt polega\u0142 na optymalizacji proces\u00f3w biznesowych przy wykorzystaniu narz\u0119dzi informacyjno-komunikacyjnych w obszarze: B2B, B2E oraz w ograniczonym zakresie w obszarze B2C. W wyniku jego realizacji sp\u00f3\u0142ka wdro\u017cy\u0142a na rynek ulepszon\u0105 us\u0142ug\u0119 projektowania kompleksowego. Zakres merytoryczny projektu obejmowa\u0142 zakup 21 sztuk \u015brodk\u00f3w trwa\u0142ych (warto\u015bci niematerialnych i prawnych oraz wyposa\u017cenia IT) oraz ich synchronizacj\u0119 celem wdro\u017cenia znacz\u0105co ulepszonej us\u0142ugi. Dodatkowo w ramach projektu przewidziano dzia\u0142ania mi\u0119kkie (z zakresu szkole\u0144 i doradztwa). Ulepszona us\u0142uga w spos\u00f3b bezpo\u015bredni nawi\u0105zuje do innowacji technologicznych (produktowej i procesowej) oraz organizacyjnej (nietechnologicznej). Dodatkowym efektem bezpo\u015brednim realizacji projektu by\u0142o tak\u017ce utworzenie jednego, nowego stanowiska pracy (asystent projektanta \u2013 1 pe\u0142ny etat).<\/p>\n<\/div>\n<p><strong>Warto\u015b\u0107 projektu: 342 136,80 z\u0142<\/strong><\/p>\n<p><strong>Dofinansowanie projektu z UE: 125 567,00 z\u0142<\/strong><\/p>\n<h3 style=\"text-align:center; color:#727272; margin-bottom: 50px;\">Informacje o wyniku postepowania<\/h3>\n<h4>DORACTWO TECHNICZNE<\/h4>\n<style type=\"text\/css\">\r\n\t#foogallery-gallery-603 .fg-image {\r\n        width: 150px;\r\n    }\r\n<\/style>\r\n\t\t\t\t<div class=\"foogallery foogallery-container foogallery-default foogallery-lightbox-none fg-gutter-10 fg-center fg-default fg-light fg-border-thin fg-shadow-outline fg-loading-default fg-loaded-fade-in fg-caption-hover fg-hover-fade fg-hover-zoom fg-ready\" id=\"foogallery-gallery-603\" data-foogallery=\"{&quot;item&quot;:{&quot;showCaptionTitle&quot;:true,&quot;showCaptionDescription&quot;:true},&quot;lazy&quot;:true}\" >\r\n\t<div class=\"fg-item fg-type-image fg-idle\"><figure class=\"fg-item-inner\"><a href=\"https:\/\/spart.pl\/wp-content\/uploads\/2019\/01\/DORACTWO-TECHNICZNE-5.jpg\" target=\"foobox\" data-attachment-id=\"545\" class=\"fg-thumb\"><span class=\"fg-image-wrap\"><img width=\"150\" height=\"150\" class=\"skip-lazy fg-image\" data-src-fg=\"https:\/\/spart.pl\/wp-content\/uploads\/cache\/2019\/01\/DORACTWO-TECHNICZNE-5\/4261636333.jpg\" src=\"data:image\/svg+xml,%3Csvg%20xmlns%3D%22http%3A%2F%2Fwww.w3.org%2F2000%2Fsvg%22%20width%3D%22150%22%20height%3D%22150%22%20viewBox%3D%220%200%20150%20150%22%3E%3C%2Fsvg%3E\" loading=\"eager\"><\/span><span class=\"fg-image-overlay\"><\/span><\/a><figcaption class=\"fg-caption\"><div class=\"fg-caption-inner\"><\/div><\/figcaption><\/figure><div class=\"fg-loader\"><\/div><\/div><\/div>\r\n\n<h4>OPROGR. DO MODELOWANIA KONSTR. W TECH. BIM<\/h4>\n<style type=\"text\/css\">\r\n\t#foogallery-gallery-604 .fg-image {\r\n        width: 150px;\r\n    }\r\n<\/style>\r\n\t\t\t\t<div class=\"foogallery foogallery-container foogallery-default foogallery-lightbox-none fg-gutter-10 fg-center fg-default fg-light fg-border-thin fg-shadow-outline fg-loading-default fg-loaded-fade-in fg-caption-hover fg-hover-fade fg-hover-zoom fg-ready\" id=\"foogallery-gallery-604\" data-foogallery=\"{&quot;item&quot;:{&quot;showCaptionTitle&quot;:true,&quot;showCaptionDescription&quot;:true},&quot;lazy&quot;:true}\" >\r\n\t<div class=\"fg-item fg-type-image fg-idle\"><figure class=\"fg-item-inner\"><a href=\"https:\/\/spart.pl\/wp-content\/uploads\/2019\/01\/OPROGR.-DO-MODELOWANIA-KONSTR.-W-TECH.-BIM-5.jpg\" target=\"foobox\" data-attachment-id=\"554\" class=\"fg-thumb\"><span class=\"fg-image-wrap\"><img width=\"150\" height=\"150\" class=\"skip-lazy fg-image\" data-src-fg=\"https:\/\/spart.pl\/wp-content\/uploads\/cache\/2019\/01\/OPROGR_-DO-MODELOWANIA-KONSTR_-W-TECH_-BIM-5\/652338839.jpg\" src=\"data:image\/svg+xml,%3Csvg%20xmlns%3D%22http%3A%2F%2Fwww.w3.org%2F2000%2Fsvg%22%20width%3D%22150%22%20height%3D%22150%22%20viewBox%3D%220%200%20150%20150%22%3E%3C%2Fsvg%3E\" loading=\"eager\"><\/span><span class=\"fg-image-overlay\"><\/span><\/a><figcaption class=\"fg-caption\"><div class=\"fg-caption-inner\"><\/div><\/figcaption><\/figure><div class=\"fg-loader\"><\/div><\/div><\/div>\r\n\n<h4>OPROGR. DO OBLICZENIA ELEM. KONSTRUKCYJNYCH<\/h4>\n<style type=\"text\/css\">\r\n\t#foogallery-gallery-605 .fg-image {\r\n        width: 150px;\r\n    }\r\n<\/style>\r\n\t\t\t\t<div class=\"foogallery foogallery-container foogallery-default foogallery-lightbox-none fg-gutter-10 fg-center fg-default fg-light fg-border-thin fg-shadow-outline fg-loading-default fg-loaded-fade-in fg-caption-hover fg-hover-fade fg-hover-zoom fg-ready\" id=\"foogallery-gallery-605\" data-foogallery=\"{&quot;item&quot;:{&quot;showCaptionTitle&quot;:true,&quot;showCaptionDescription&quot;:true},&quot;lazy&quot;:true}\" >\r\n\t<div class=\"fg-item fg-type-image fg-idle\"><figure class=\"fg-item-inner\"><a href=\"https:\/\/spart.pl\/wp-content\/uploads\/2019\/01\/OPROGR.-DO-OBLICZE\u00e2-ELEM.-KONSTRUKCYJNYCH-5.jpg\" target=\"foobox\" data-attachment-id=\"561\" class=\"fg-thumb\"><span class=\"fg-image-wrap\"><img width=\"150\" height=\"150\" class=\"skip-lazy fg-image\" data-src-fg=\"https:\/\/spart.pl\/wp-content\/uploads\/cache\/2019\/01\/OPROGR_-DO-OBLICZE\u00e2-ELEM_-KONSTRUKCYJNYCH-5\/3368265880.jpg\" src=\"data:image\/svg+xml,%3Csvg%20xmlns%3D%22http%3A%2F%2Fwww.w3.org%2F2000%2Fsvg%22%20width%3D%22150%22%20height%3D%22150%22%20viewBox%3D%220%200%20150%20150%22%3E%3C%2Fsvg%3E\" loading=\"eager\"><\/span><span class=\"fg-image-overlay\"><\/span><\/a><figcaption class=\"fg-caption\"><div class=\"fg-caption-inner\"><\/div><\/figcaption><\/figure><div class=\"fg-loader\"><\/div><\/div><\/div>\r\n\n<h4>OPROGRAMOWANIE DO OBLICZENIA STATYST<\/h4>\n<style type=\"text\/css\">\r\n\t#foogallery-gallery-606 .fg-image {\r\n        width: 150px;\r\n    }\r\n<\/style>\r\n\t\t\t\t<div class=\"foogallery foogallery-container foogallery-default foogallery-lightbox-none fg-gutter-10 fg-center fg-default fg-light fg-border-thin fg-shadow-outline fg-loading-default fg-loaded-fade-in fg-caption-hover fg-hover-fade fg-hover-zoom fg-ready\" id=\"foogallery-gallery-606\" data-foogallery=\"{&quot;item&quot;:{&quot;showCaptionTitle&quot;:true,&quot;showCaptionDescription&quot;:true},&quot;lazy&quot;:true}\" >\r\n\t<div class=\"fg-item fg-type-image fg-idle\"><figure class=\"fg-item-inner\"><a href=\"https:\/\/spart.pl\/wp-content\/uploads\/2019\/01\/OPROGRAMOWANIE-DO-OBLICZE\u00e2-STATYST.-5.jpg\" target=\"foobox\" data-attachment-id=\"566\" class=\"fg-thumb\"><span class=\"fg-image-wrap\"><img width=\"150\" height=\"150\" class=\"skip-lazy fg-image\" data-src-fg=\"https:\/\/spart.pl\/wp-content\/uploads\/cache\/2019\/01\/OPROGRAMOWANIE-DO-OBLICZE\u00e2-STATYST_-5\/724450448.jpg\" src=\"data:image\/svg+xml,%3Csvg%20xmlns%3D%22http%3A%2F%2Fwww.w3.org%2F2000%2Fsvg%22%20width%3D%22150%22%20height%3D%22150%22%20viewBox%3D%220%200%20150%20150%22%3E%3C%2Fsvg%3E\" loading=\"eager\"><\/span><span class=\"fg-image-overlay\"><\/span><\/a><figcaption class=\"fg-caption\"><div class=\"fg-caption-inner\"><\/div><\/figcaption><\/figure><div class=\"fg-loader\"><\/div><\/div><\/div>\r\n\n<h4>OPROGRAMOWANIE DO TWORZENIA RYSUNK\u00d3W 2D<\/h4>\n<style type=\"text\/css\">\r\n\t#foogallery-gallery-607 .fg-image {\r\n        width: 150px;\r\n    }\r\n<\/style>\r\n\t\t\t\t<div class=\"foogallery foogallery-container foogallery-default foogallery-lightbox-none fg-gutter-10 fg-center fg-default fg-light fg-border-thin fg-shadow-outline fg-loading-default fg-loaded-fade-in fg-caption-hover fg-hover-fade fg-hover-zoom fg-ready\" id=\"foogallery-gallery-607\" data-foogallery=\"{&quot;item&quot;:{&quot;showCaptionTitle&quot;:true,&quot;showCaptionDescription&quot;:true},&quot;lazy&quot;:true}\" >\r\n\t<div class=\"fg-item fg-type-image fg-idle\"><figure class=\"fg-item-inner\"><a href=\"https:\/\/spart.pl\/wp-content\/uploads\/2019\/01\/OPROGRAMOWANIE-DO-TWORZENIA-RYSUNK\u00f4W-2D-5.jpg\" target=\"foobox\" data-attachment-id=\"571\" class=\"fg-thumb\"><span class=\"fg-image-wrap\"><img width=\"150\" height=\"150\" class=\"skip-lazy fg-image\" data-src-fg=\"https:\/\/spart.pl\/wp-content\/uploads\/cache\/2019\/01\/OPROGRAMOWANIE-DO-TWORZENIA-RYSUNK\u00f4W-2D-5\/3145280520.jpg\" src=\"data:image\/svg+xml,%3Csvg%20xmlns%3D%22http%3A%2F%2Fwww.w3.org%2F2000%2Fsvg%22%20width%3D%22150%22%20height%3D%22150%22%20viewBox%3D%220%200%20150%20150%22%3E%3C%2Fsvg%3E\" loading=\"eager\"><\/span><span class=\"fg-image-overlay\"><\/span><\/a><figcaption class=\"fg-caption\"><div class=\"fg-caption-inner\"><\/div><\/figcaption><\/figure><div class=\"fg-loader\"><\/div><\/div><\/div>\r\n\n<h4>PLOTER<\/h4>\n<style type=\"text\/css\">\r\n\t#foogallery-gallery-608 .fg-image {\r\n        width: 150px;\r\n    }\r\n<\/style>\r\n\t\t\t\t<div class=\"foogallery foogallery-container foogallery-default foogallery-lightbox-none fg-gutter-10 fg-center fg-default fg-light fg-border-thin fg-shadow-outline fg-loading-default fg-loaded-fade-in fg-caption-hover fg-hover-fade fg-hover-zoom fg-ready\" id=\"foogallery-gallery-608\" data-foogallery=\"{&quot;item&quot;:{&quot;showCaptionTitle&quot;:true,&quot;showCaptionDescription&quot;:true},&quot;lazy&quot;:true}\" >\r\n\t<div class=\"fg-item fg-type-image fg-idle\"><figure class=\"fg-item-inner\"><a href=\"https:\/\/spart.pl\/wp-content\/uploads\/2019\/01\/PLOTER-5.jpg\" target=\"foobox\" data-attachment-id=\"576\" class=\"fg-thumb\"><span class=\"fg-image-wrap\"><img width=\"150\" height=\"150\" class=\"skip-lazy fg-image\" data-src-fg=\"https:\/\/spart.pl\/wp-content\/uploads\/cache\/2019\/01\/PLOTER-5\/321114051.jpg\" src=\"data:image\/svg+xml,%3Csvg%20xmlns%3D%22http%3A%2F%2Fwww.w3.org%2F2000%2Fsvg%22%20width%3D%22150%22%20height%3D%22150%22%20viewBox%3D%220%200%20150%20150%22%3E%3C%2Fsvg%3E\" loading=\"eager\"><\/span><span class=\"fg-image-overlay\"><\/span><\/a><figcaption class=\"fg-caption\"><div class=\"fg-caption-inner\"><\/div><\/figcaption><\/figure><div class=\"fg-loader\"><\/div><\/div><\/div>\r\n\n<h4>SERWER<\/h4>\n<style type=\"text\/css\">\r\n\t#foogallery-gallery-609 .fg-image {\r\n        width: 150px;\r\n    }\r\n<\/style>\r\n\t\t\t\t<div class=\"foogallery foogallery-container foogallery-default foogallery-lightbox-none fg-gutter-10 fg-center fg-default fg-light fg-border-thin fg-shadow-outline fg-loading-default fg-loaded-fade-in fg-caption-hover fg-hover-fade fg-hover-zoom fg-ready\" id=\"foogallery-gallery-609\" data-foogallery=\"{&quot;item&quot;:{&quot;showCaptionTitle&quot;:true,&quot;showCaptionDescription&quot;:true},&quot;lazy&quot;:true}\" >\r\n\t<div class=\"fg-item fg-type-image fg-idle\"><figure class=\"fg-item-inner\"><a href=\"https:\/\/spart.pl\/wp-content\/uploads\/2019\/01\/SERWER-5.jpg\" target=\"foobox\" data-attachment-id=\"581\" class=\"fg-thumb\"><span class=\"fg-image-wrap\"><img width=\"150\" height=\"150\" class=\"skip-lazy fg-image\" data-src-fg=\"https:\/\/spart.pl\/wp-content\/uploads\/cache\/2019\/01\/SERWER-5\/2712127077.jpg\" src=\"data:image\/svg+xml,%3Csvg%20xmlns%3D%22http%3A%2F%2Fwww.w3.org%2F2000%2Fsvg%22%20width%3D%22150%22%20height%3D%22150%22%20viewBox%3D%220%200%20150%20150%22%3E%3C%2Fsvg%3E\" loading=\"eager\"><\/span><span class=\"fg-image-overlay\"><\/span><\/a><figcaption class=\"fg-caption\"><div class=\"fg-caption-inner\"><\/div><\/figcaption><\/figure><div class=\"fg-loader\"><\/div><\/div><\/div>\r\n\n<h4>SZKOLENIA W ZAKRESIE OPROGRAMOWANIA<\/h4>\n<style type=\"text\/css\">\r\n\t#foogallery-gallery-610 .fg-image {\r\n        width: 150px;\r\n    }\r\n<\/style>\r\n\t\t\t\t<div class=\"foogallery foogallery-container foogallery-default foogallery-lightbox-none fg-gutter-10 fg-center fg-default fg-light fg-border-thin fg-shadow-outline fg-loading-default fg-loaded-fade-in fg-caption-hover fg-hover-fade fg-hover-zoom fg-ready\" id=\"foogallery-gallery-610\" data-foogallery=\"{&quot;item&quot;:{&quot;showCaptionTitle&quot;:true,&quot;showCaptionDescription&quot;:true},&quot;lazy&quot;:true}\" >\r\n\t<div class=\"fg-item fg-type-image fg-idle\"><figure class=\"fg-item-inner\"><a href=\"https:\/\/spart.pl\/wp-content\/uploads\/2019\/01\/SZKOLENIA-W-ZAKRESIE-OPRGRAMOWANIA-5.jpg\" target=\"foobox\" data-attachment-id=\"587\" class=\"fg-thumb\"><span class=\"fg-image-wrap\"><img width=\"150\" height=\"150\" class=\"skip-lazy fg-image\" data-src-fg=\"https:\/\/spart.pl\/wp-content\/uploads\/cache\/2019\/01\/SZKOLENIA-W-ZAKRESIE-OPRGRAMOWANIA-5\/3547560706.jpg\" src=\"data:image\/svg+xml,%3Csvg%20xmlns%3D%22http%3A%2F%2Fwww.w3.org%2F2000%2Fsvg%22%20width%3D%22150%22%20height%3D%22150%22%20viewBox%3D%220%200%20150%20150%22%3E%3C%2Fsvg%3E\" loading=\"eager\"><\/span><span class=\"fg-image-overlay\"><\/span><\/a><figcaption class=\"fg-caption\"><div class=\"fg-caption-inner\"><\/div><\/figcaption><\/figure><div class=\"fg-loader\"><\/div><\/div><\/div>\r\n\n<h4>ZESTAWY KOMPUTEROWE<\/h4>\n<style type=\"text\/css\">\r\n\t#foogallery-gallery-611 .fg-image {\r\n        width: 150px;\r\n    }\r\n<\/style>\r\n\t\t\t\t<div class=\"foogallery foogallery-container foogallery-default foogallery-lightbox-none fg-gutter-10 fg-center fg-default fg-light fg-border-thin fg-shadow-outline fg-loading-default fg-loaded-fade-in fg-caption-hover fg-hover-fade fg-hover-zoom fg-ready\" id=\"foogallery-gallery-611\" data-foogallery=\"{&quot;item&quot;:{&quot;showCaptionTitle&quot;:true,&quot;showCaptionDescription&quot;:true},&quot;lazy&quot;:true}\" >\r\n\t<div class=\"fg-item fg-type-image fg-idle\"><figure class=\"fg-item-inner\"><a href=\"https:\/\/spart.pl\/wp-content\/uploads\/2019\/01\/ZESTAWY-KOMPUTEROWE-5.jpg\" target=\"foobox\" data-attachment-id=\"592\" class=\"fg-thumb\"><span class=\"fg-image-wrap\"><img width=\"150\" height=\"150\" class=\"skip-lazy fg-image\" data-src-fg=\"https:\/\/spart.pl\/wp-content\/uploads\/cache\/2019\/01\/ZESTAWY-KOMPUTEROWE-5\/3717449411.jpg\" src=\"data:image\/svg+xml,%3Csvg%20xmlns%3D%22http%3A%2F%2Fwww.w3.org%2F2000%2Fsvg%22%20width%3D%22150%22%20height%3D%22150%22%20viewBox%3D%220%200%20150%20150%22%3E%3C%2Fsvg%3E\" loading=\"eager\"><\/span><span class=\"fg-image-overlay\"><\/span><\/a><figcaption class=\"fg-caption\"><div class=\"fg-caption-inner\"><\/div><\/figcaption><\/figure><div class=\"fg-loader\"><\/div><\/div><\/div>\r\n\n<p style=\"margin-bottom:50px;\">\n","protected":false},"excerpt":{"rendered":"<p>STUDIO PROJEKTOWE SPART S.C. M.KONIECZNY,L.MARSZA\u0141EK zrealizowa\u0142o projekt dofinansowany z Funduszy Europejskich pt. \u201eZakup i wdro\u017cenie infrastruktury informatycznej dla rozwoju i [&hellip;]<\/p>\n","protected":false},"author":10,"featured_media":0,"parent":0,"menu_order":0,"comment_status":"closed","ping_status":"closed","template":"page-dofinansowanie.php","meta":[],"_links":{"self":[{"href":"https:\/\/spart.pl\/pl\/wp-json\/wp\/v2\/pages\/467"}],"collection":[{"href":"https:\/\/spart.pl\/pl\/wp-json\/wp\/v2\/pages"}],"about":[{"href":"https:\/\/spart.pl\/pl\/wp-json\/wp\/v2\/types\/page"}],"author":[{"embeddable":true,"href":"https:\/\/spart.pl\/pl\/wp-json\/wp\/v2\/users\/10"}],"replies":[{"embeddable":true,"href":"https:\/\/spart.pl\/pl\/wp-json\/wp\/v2\/comments?post=467"}],"version-history":[{"count":50,"href":"https:\/\/spart.pl\/pl\/wp-json\/wp\/v2\/pages\/467\/revisions"}],"predecessor-version":[{"id":3271,"href":"https:\/\/spart.pl\/pl\/wp-json\/wp\/v2\/pages\/467\/revisions\/3271"}],"wp:attachment":[{"href":"https:\/\/spart.pl\/pl\/wp-json\/wp\/v2\/media?parent=467"}],"curies":[{"name":"wp","href":"https:\/\/api.w.org\/{rel}","templated":true}]}}